{"id":40689,"date":"2019-10-21T21:21:06","date_gmt":"2019-10-21T18:21:06","guid":{"rendered":"https:\/\/www.shirute.com\/?page_id=40689"},"modified":"2023-03-23T15:34:25","modified_gmt":"2023-03-23T13:34:25","slug":"privacy-policy","status":"publish","type":"page","link":"https:\/\/www.shirute.com\/en\/privacy-policy\/","title":{"rendered":"Privacy Policy"},"content":{"rendered":"<h1>Tietosuojaseloste<\/h1>\n<p>Henkil\u00f6tietolaki (523\/1999) 10 \u00a7 ja 24 \u00a7<\/p>\n<h3>Rekisterin nimi<\/h3>\n<p>Shiruten asiakas- ja sidosryhm\u00e4rekisteri<\/p>\n<h3><strong>Rekisterinpit\u00e4j\u00e4<\/strong><\/h3>\n<p>Shirute Oy (my\u00f6hemmin \u201dShirute\u201d)<br \/>\nY-tunnus 2366105-5<br \/>\nOpastinsilta 6A<br \/>\n00520 Helsinki<\/p>\n<p>Yhteyshenkil\u00f6 rekisteri\u00e4 koskevissa asioissa<br \/>\nSirte Pihlaja<br \/>\nprivacy [at] shirute.com<\/p>\n<h3><strong>Rekisterin k\u00e4ytt\u00f6tarkoitus<\/strong><\/h3>\n<p>Rekisterin sis\u00e4lt\u00e4mi\u00e4 rekister\u00f6idyn henkil\u00f6tietoja voidaan k\u00e4sitell\u00e4 ja k\u00e4ytt\u00e4\u00e4 soveltuvan lains\u00e4\u00e4d\u00e4nn\u00f6n sallimin tavoin asiakkuuteen ja muuhun asialliseen yhteyteen perustuen Shiruten ja sen omistamien ja l\u00e4heisten br\u00e4ndien tarjoamien palveluiden tuottamiseen, tarjoamiseen, toimittamiseen, laskutukseen ja kehitt\u00e4miseen; asiakas- ja sidosryhmiin liittyv\u00e4\u00e4n yhteydenpitoon, viestint\u00e4\u00e4n, markkinointiin, mainontaan, suoramarkkinointiin sek\u00e4 n\u00e4ihin rinnastettaviin osoitteellisiin l\u00e4hetyksiin ja edellisten kohdentamiseen; kilpailujen ja arvontojen suorittamiseen; asiakas- ja sidosryhm\u00e4suhteiden hoitamiseen, kehitt\u00e4miseen ja yll\u00e4pitoon sek\u00e4 sivustojemme ja rekister\u00f6ityjen tilastointiin, profilointiin ja analysointiin ja muihin vastaaviin k\u00e4ytt\u00f6tarkoituksiin. Markkinointia voidaan tehd\u00e4 my\u00f6s s\u00e4hk\u00f6isesti esimerkiksi s\u00e4hk\u00f6postin ja matkapuhelimen v\u00e4lityksell\u00e4. Profiileja voidaan lis\u00e4ksi k\u00e4ytt\u00e4\u00e4 sis\u00e4ll\u00f6n ja markkinoinnin kohdentamiseen esimerkiksi verkkosivuillamme, s\u00e4hk\u00f6isiss\u00e4 viesteiss\u00e4mme, mobiilikanavissamme ja sovelluksissamme.<\/p>\n<h3><strong>Rekister\u00f6idyn hyv\u00e4ksynt\u00e4 tietojen k\u00e4sittelylle<\/strong><\/h3>\n<p>Rekister\u00f6ity hyv\u00e4ksyy t\u00e4m\u00e4n tietosuojaselosteen sis\u00e4ll\u00f6n k\u00e4ytt\u00e4m\u00e4ll\u00e4 Shiruten ja sen omistamien ja l\u00e4heisten br\u00e4ndien tarjoamia palveluita tai rekister\u00f6itym\u00e4ll\u00e4 niiden k\u00e4ytt\u00e4j\u00e4ksi. T\u00e4ll\u00f6in rekister\u00f6ityjen henkil\u00f6tietojen k\u00e4sittelylle yll\u00e4mainittuihin tarkoituksiin on oikeutettu etu. Oikeutettu etu muodostuu my\u00f6s silloin, kun rekisteriin ker\u00e4t\u00e4\u00e4n asiallisella yhteydell\u00e4 perusteltavia henkil\u00f6it\u00e4.<\/p>\n<h3><strong>Rekisterin tietosis\u00e4lt\u00f6\u00a0 <\/strong><\/h3>\n<p>Rekisterin sis\u00e4lt\u00e4m\u00e4 k\u00e4ytt\u00e4j\u00e4kohtainen sis\u00e4lt\u00f6 voi vaihdella k\u00e4ytt\u00e4j\u00e4n tekemien toimien mukaan. Voimme ker\u00e4t\u00e4 rekisteriin siihen kuuluvien luonnollisten henkil\u00f6iden sek\u00e4 asiakaskokemuksen parissa ty\u00f6skentelevien sidosryhmien osalta seuraaviin luokkiin kuuluvia tietoja:<\/p>\n<p><em><strong>Henkil\u00f6tiedot<\/strong><\/em><\/p>\n<ul>\n<li>rekister\u00f6idyn etu- ja sukunimi<\/li>\n<li>rekisteriin liittymisp\u00e4iv\u00e4 tai asiallisen yhteyden alkamisajankohta<\/li>\n<li>preferenssit (esim. kieli, mielenkiinnon kohteet tai muut rekister\u00f6idyn itse antamat tai h\u00e4nen suostumuksellaan ker\u00e4tyt tiedot)<\/li>\n<li>perus- ja yhteystiedot, kuten s\u00e4hk\u00f6posti, puhelinnumero ja osoite<\/li>\n<li>julkiset sosiaalisen median profiilitiedot, kuten Twitter-, Instagram- tms. tunnus<\/li>\n<\/ul>\n<p><em><strong>Ty\u00f6paikkaa koskevat tiedot<\/strong><\/em><\/p>\n<ul>\n<li>ty\u00f6nimikkeet\/-roolit ja ty\u00f6nkuvat<\/li>\n<li>ty\u00f6nantajaorganisaatio\/yritys, yhteystiedot ja y-tunnus<\/li>\n<li>ty\u00f6s\u00e4hk\u00f6posti, -puhelinnumero ja osoite<\/li>\n<\/ul>\n<p><em><strong>Tapahtumakohtaiset tiedot<\/strong><\/em><\/p>\n<ul>\n<li>tiedot Shiruten ja sen omistamien ja l\u00e4heisten br\u00e4ndien tapahtumiin ilmoittautumisesta ja osallistumisesta ajankohtineen<\/li>\n<li>valokuvia ja videoita tapahtumista<\/li>\n<li>ruokavaliotiedot (k\u00e4ytet\u00e4\u00e4n tarjoilutilauksiin)<\/li>\n<\/ul>\n<p><strong>\u00a0<\/strong><em><strong>Tilaukset, k\u00e4ytt\u00f6\u00f6notetut palvelut ja palveluiden k\u00e4yt\u00f6n tiedot<\/strong><\/em><\/p>\n<ul>\n<li>asiakkuuteen ja\/tai muuhun asialliseen yhteyteen ja sopimussuhteeseen liittyv\u00e4t tiedot, kuten hankitut tuotteet ja palvelut, ml. tiedot n\u00e4iden aloituksesta ja lopettamisesta<\/li>\n<li>tiedot tilatuista\/k\u00e4ytt\u00f6\u00f6notetuista palveluista, mm. uutiskirjeet, verkkopalvelut ja suoramarkkinointiin liittyv\u00e4t valinnat<\/li>\n<li>laskutus- ja perint\u00e4tiedot<\/li>\n<li>tiedot rekister\u00f6idylle kohdistetusta viestinn\u00e4st\u00e4, markkinoinnista, kutsuista ja tunnistettavista palaute- tai muista kyselyist\u00e4 ja niihin liittyvist\u00e4 vastauksista ja reagoinneista (vain jos ei anonyymi)<\/li>\n<li>rekister\u00f6idyn k\u00e4ytt\u00e4m\u00e4n selaimen rekisterinpit\u00e4j\u00e4n palvelimelle l\u00e4hett\u00e4m\u00e4t tekniset tiedot (esim. IP-osoite, selain, selainversio, sivu, jolta rekister\u00f6ity on siirtynyt rekisterinpit\u00e4j\u00e4n sivuille)<\/li>\n<li>verkkok\u00e4ytt\u00e4ytymist\u00e4 rekisterinpit\u00e4j\u00e4n verkkosivustoilla ja -palveluissa koskevat tiedot (esim. linkkien klikkaukset, selatut internet-sivut, tulo- ja poistumissivustot)<\/li>\n<li>verkkosivuston ja -palveluidemme k\u00e4ytt\u00f6\u00e4 ja k\u00e4ytt\u00e4j\u00e4n asiakassuhdetta koskevat tiedot, kuten maksuyhteystiedot, maksukorttitiedot tai pankkitilitiedot, asiakaspalautetiedot, tilaustiedot<\/li>\n<li>suoramarkkinointilupiin tai \u2013kieltoihin liittyv\u00e4t tiedot<\/li>\n<\/ul>\n<h3><strong>S\u00e4\u00e4nn\u00f6nmukaiset tiedonl\u00e4hteet<\/strong><\/h3>\n<p>Kaikki rekisteriss\u00e4 olevat tiedot on saatu seuraavista l\u00e4hteist\u00e4:<\/p>\n<ul>\n<li>rekister\u00f6idyn itsens\u00e4 luovuttamat tiedot<\/li>\n<li>rekister\u00f6ityyn liittyvi\u00e4 tietoja syntyy Shiruten tietoj\u00e4rjestelmiin my\u00f6s sen hy\u00f6dynt\u00e4mien verkkopalvelujen k\u00e4yt\u00f6n yhteydess\u00e4<\/li>\n<li>Shiruten ja sen omistamien ja l\u00e4heisten br\u00e4ndien kyselyiden ja tutkimusten yhteydess\u00e4 tai henkil\u00f6n osallistuessa tuote- ja palvelukehitykseen<\/li>\n<li>tapahtumiin osallistumisista<\/li>\n<li>mahdollisessa muussa markkinointiviestinn\u00e4ss\u00e4<\/li>\n<li>organisaation itse antamat\/saataville tarjoamat tiedot<\/li>\n<li>julkisesti saatavilla olevat tiedot<\/li>\n<\/ul>\n<p>Rekisteriin voi liitty\u00e4 Shiruten ja sen omistamien ja l\u00e4heisten br\u00e4ndien verkkopalvelujen kautta. T\u00e4m\u00e4n lis\u00e4ksi rekisteriin liittymiselle voi olla suora linkki Shiruten ja sen omistamien ja l\u00e4heisten br\u00e4ndien sosiaalisen median sivustoilla sek\u00e4 esimerkiksi muun markkinointiviestinn\u00e4n yhteydess\u00e4.<\/p>\n<p>Henkil\u00f6tietoja voidaan ker\u00e4t\u00e4 ja p\u00e4ivitt\u00e4\u00e4 lis\u00e4ksi Shiruten k\u00e4ytt\u00e4mist\u00e4 tai tulevista muista rekistereist\u00e4 tai Shiruten huolellisesti valituilta yhteisty\u00f6kumppaneilta. Tietoja ei ole ostettu ulkopuolisilta tahoilta.<\/p>\n<h3><strong>Tietojen k\u00e4sittelyn m\u00e4\u00e4r\u00e4ajat<\/strong><\/h3>\n<p>Rekisteri\u00e4 p\u00e4ivitet\u00e4\u00e4n jokaisen j\u00e4rjest\u00e4m\u00e4mme tilaisuuden yhteydess\u00e4.<\/p>\n<p>Rekister\u00f6idyn niin pyyt\u00e4ess\u00e4, poistetaan h\u00e4nen tietonsa rekisterist\u00e4 kuukauden kuluessa pyynn\u00f6st\u00e4.<\/p>\n<h3><strong>Tietojen siirto ja luovuttaminen<\/strong><\/h3>\n<p>Rekisterinpit\u00e4j\u00e4 voi luovuttaa rekisteriss\u00e4 olevia henkil\u00f6tietoja voimassaolevan lains\u00e4\u00e4d\u00e4nn\u00f6n sallimisissa ja velvoittavissa rajoissa.<\/p>\n<p>Tietoja ei s\u00e4\u00e4nn\u00f6nmukaisesti luovuteta tai siirret\u00e4 EU:n tai ETA:n ulkopuolelle, ellei se ole palvelun teknisen toteutuksen vuoksi todettu tarpeelliseksi. Kaikilta EU:n tai ETA:n ulkopuolisilta yhteisty\u00f6kumppaneilta edellytet\u00e4\u00e4n kulloinkin voimassa olevien EU:n tietosuojak\u00e4yt\u00e4nt\u00f6jen ja henkil\u00f6tietolains\u00e4\u00e4d\u00e4nn\u00f6n t\u00e4ytt\u00e4mist\u00e4, jotta riitt\u00e4v\u00e4 tietosuoja voidaan varmistaa.<\/p>\n<p>Rekisterinpit\u00e4j\u00e4 voi tehd\u00e4 valittujen tavaran- ja palveluntoimittajien kanssa sopimuksia, jotka sis\u00e4lt\u00e4v\u00e4t henkil\u00f6tietojen k\u00e4sittelyn sen puolesta. T\u00e4llaisia sopimuksia voidaan solmia esimerkiksi ohjelmistokehitys-, yll\u00e4pito-, palvelin- ja IT-tukipalveluita tarjoavien toimittajien kanssa. Rekisterinpit\u00e4j\u00e4 voi siirt\u00e4\u00e4 rekisteriss\u00e4 olevia henkil\u00f6tietoja my\u00f6s ulkoistaessaan henkil\u00f6tietojen k\u00e4sittely\u00e4 esimerkiksi tilitoimistolle tai markkinointi- ja laskutuspalveluja tarjoaville yrityksille. Kyseiset yhteisty\u00f6kumppanit k\u00e4sittelev\u00e4t t\u00e4ll\u00f6in henkil\u00f6tietoja rekisterinpit\u00e4j\u00e4n lukuun ilman itsen\u00e4ist\u00e4 k\u00e4sittelyoikeutta.<\/p>\n<p>Rekisterinpit\u00e4j\u00e4 voi luovuttaa tietoja sivustojensa ja palveluidensa toteuttamiseen osallistuville palveluntarjoajille, kuten verkkomainonnan, analytiikkapalvelujen ja maksupalvelun tarjoajille.<\/p>\n<p>Rekisterinpit\u00e4j\u00e4 voi luovuttaa henkil\u00f6tietoja suoramarkkinointitarkoituksiin yhteisty\u00f6kumppaneilleen ja asiakasyrityksilleen, jollei rekister\u00f6ity ole kielt\u00e4nyt tietojensa t\u00e4llaista k\u00e4sittely\u00e4 tai luovuttamista.<\/p>\n<h3><strong>Tietokannan suojaus <\/strong><strong>\u00a0 <\/strong><\/h3>\n<p>Rekisterin henkil\u00f6tietoja k\u00e4sitell\u00e4\u00e4n niiden asianmukainen turvallisuus huomioon ottaen rekisterinpit\u00e4j\u00e4n ohjeistuksen mukaisesti. Rekisteri on salasanasuojattu siten, ett\u00e4 vain rekisterinpit\u00e4j\u00e4ll\u00e4 ja ty\u00f6teht\u00e4viens\u00e4 kannalta asianmukaisilla ja vaitioloon sitoutuneilla, luvan saaneilla henkil\u00f6ill\u00e4 on p\u00e4\u00e4sy sen tietoihin.<\/p>\n<p>Kaikki rekisterinpit\u00e4j\u00e4n tietoj\u00e4rjestelm\u00e4t ja rekisterin tiedot on suojattu tavanomaisesti k\u00e4yt\u00f6ss\u00e4 olevilla teknisill\u00e4 suojausmenetelmill\u00e4, joilla v\u00e4ltet\u00e4\u00e4n tietojen lainvastaista k\u00e4sittely\u00e4 tai joutumista v\u00e4\u00e4riin k\u00e4siin.<\/p>\n<h3><strong>Henkil\u00f6tietojen k\u00e4sittelyyn liittyv\u00e4t oikeudet<\/strong><\/h3>\n<p>Jokaisella rekisteriin kuuluvalla henkil\u00f6ll\u00e4 on oikeus tarkistaa itsest\u00e4\u00e4n rekisteriss\u00e4 olevat tiedot. Tarkastuspyynn\u00f6n johdosta siirrett\u00e4v\u00e4t tiedot l\u00e4hetet\u00e4\u00e4n s\u00e4hk\u00f6postitse pyynn\u00f6ss\u00e4 ilmoitettuun s\u00e4hk\u00f6postiosoitteeseen.<\/p>\n<p>Jokaisella rekisteriin kuuluvalla henkil\u00f6ll\u00e4 on oikeus vaatia h\u00e4nt\u00e4 koskevan virheellisen, tarpeettoman, puutteellisen tai vanhentuneen tiedon tai tietojen korjaamista.<\/p>\n<p>Jokaisella rekisteriin kuuluvalla henkil\u00f6ll\u00e4 on oikeus kielt\u00e4\u00e4 rekisterinpit\u00e4j\u00e4\u00e4 k\u00e4sittelem\u00e4st\u00e4 h\u00e4nt\u00e4 itse\u00e4\u00e4n koskevia tietoja suoramainontaa ja muuta suoramarkkinointia, et\u00e4myynti\u00e4, sek\u00e4 markkina- ja mielipidetutkimuksia varten.<\/p>\n<p>Kaikkiin edell\u00e4 mainittuihin pyynt\u00f6ihin ja kieltoihin liittyv\u00e4t yhteydenotot tulee l\u00e4hett\u00e4\u00e4 kirjallisesti ja k\u00e4sin allekirjoitettuna s\u00e4hk\u00f6isess\u00e4 muodossa yhteyshenkil\u00f6lle rekisteri\u00e4 koskevissa asioissa.<\/p>\n<h3><strong>Ev\u00e4stek\u00e4yt\u00e4nn\u00f6ist\u00e4<\/strong><\/h3>\n<p>Verkkosivuillamme voidaan k\u00e4ytt\u00e4\u00e4 ev\u00e4steit\u00e4 (cookies). Niiden avulla voimme tunnistaa selaimesi ja k\u00e4ytt\u00e4\u00e4 saamaamme tietoa esimerkiksi sivustomme k\u00e4yt\u00f6n tilastolliseen seurantaan ja analysointiin. Tavoitteenamme on n\u00e4in kehitt\u00e4\u00e4 sivustojamme ja palvelujamme k\u00e4ytt\u00e4ji\u00e4 yh\u00e4 paremmin palveleviksi<\/p>\n<p>Sivustomme saattavat sis\u00e4lt\u00e4\u00e4 my\u00f6s kolmansien osapuolten, kuten mittaus- ja seurantapalveluiden, ev\u00e4steit\u00e4; kolmannet osapuolet voivat asettaa ev\u00e4steit\u00e4 p\u00e4\u00e4telaitteellesi vieraillessasi sivustollamme. Sivustollamme k\u00e4ytett\u00e4vien ev\u00e4steiden lis\u00e4ksi ev\u00e4steit\u00e4 saatetaan hy\u00f6dynt\u00e4\u00e4 my\u00f6s oman mainontamme kohdentamiseen kolmansien osapuolien sivustoilla.<\/p>\n<p>Voit est\u00e4\u00e4 ev\u00e4steiden k\u00e4yt\u00f6n muuttamalla selaimesi asetuksia.<\/p>\n<h3><strong>Muutokset tietosuojaselosteeseen<\/strong><\/h3>\n<p>Parannamme ja kehit\u00e4mme tarjoamiamme palveluja, tuotteita ja verkkopalveluja jatkuvasti, joten t\u00e4h\u00e4n tietosuojaselosteeseen saatetaan tehd\u00e4 muutoksia jatkossa. Jos siihen tehd\u00e4\u00e4n merkitt\u00e4vi\u00e4 muutoksia, tiedotamme asiasta selke\u00e4sti aina sovellettavan lain sit\u00e4 edellytt\u00e4ess\u00e4. Saat ajan tasalla olevaa tietoa mahdollisista muutoksista tutustumalla tietosuojaselosteemme ajoittain.<\/p>\n<p>&nbsp;<\/p>\n<p><a href=\"http:\/\/www.shirute.fi\">Shirute.fi<\/a>\u00a0:::\u00a0<a href=\"http:\/\/www.cxpa.fi\">CXPA.fi<\/a><\/p>\n","protected":false},"excerpt":{"rendered":"<p>Tietosuojaseloste Henkil\u00f6tietolaki (523\/1999) 10 \u00a7 ja 24 \u00a7 Rekisterin nimi Shiruten asiakas- ja sidosryhm\u00e4rekisteri Rekisterinpit\u00e4j\u00e4 Shirute Oy (my\u00f6hemmin \u201dShirute\u201d) Y-tunnus 2366105-5 Opastinsilta 6A 00520 Helsinki Yhteyshenkil\u00f6 rekisteri\u00e4 koskevissa asioissa Sirte Pihlaja privacy [at] shirute.com Rekisterin k\u00e4ytt\u00f6tarkoitus Rekisterin sis\u00e4lt\u00e4mi\u00e4 rekister\u00f6idyn henkil\u00f6tietoja voidaan k\u00e4sitell\u00e4 ja k\u00e4ytt\u00e4\u00e4 soveltuvan lains\u00e4\u00e4d\u00e4nn\u00f6n sallimin tavoin asiakkuuteen ja muuhun asialliseen yhteyteen perustuen Shiruten [&hellip;]<\/p>\n","protected":false},"author":2,"featured_media":0,"parent":0,"menu_order":789,"comment_status":"closed","ping_status":"open","template":"page-templates\/page_sub_page.php","meta":{"_acf_changed":false,"footnotes":""},"class_list":["post-40689","page","type-page","status-publish","hentry"],"acf":[],"aioseo_notices":[],"_links":{"self":[{"href":"https:\/\/www.shirute.com\/en\/wp-json\/wp\/v2\/pages\/40689","targetHints":{"allow":["GET"]}}],"collection":[{"href":"https:\/\/www.shirute.com\/en\/wp-json\/wp\/v2\/pages"}],"about":[{"href":"https:\/\/www.shirute.com\/en\/wp-json\/wp\/v2\/types\/page"}],"author":[{"embeddable":true,"href":"https:\/\/www.shirute.com\/en\/wp-json\/wp\/v2\/users\/2"}],"replies":[{"embeddable":true,"href":"https:\/\/www.shirute.com\/en\/wp-json\/wp\/v2\/comments?post=40689"}],"version-history":[{"count":2,"href":"https:\/\/www.shirute.com\/en\/wp-json\/wp\/v2\/pages\/40689\/revisions"}],"predecessor-version":[{"id":89966,"href":"https:\/\/www.shirute.com\/en\/wp-json\/wp\/v2\/pages\/40689\/revisions\/89966"}],"wp:attachment":[{"href":"https:\/\/www.shirute.com\/en\/wp-json\/wp\/v2\/media?parent=40689"}],"curies":[{"name":"wp","href":"https:\/\/api.w.org\/{rel}","templated":true}]}}